{"id":2128,"date":"2017-10-22T22:42:44","date_gmt":"2017-10-22T20:42:44","guid":{"rendered":"http:\/\/www2022.apm.pl\/?page_id=2128"},"modified":"2022-03-13T14:10:54","modified_gmt":"2022-03-13T13:10:54","slug":"ws100","status":"publish","type":"page","link":"https:\/\/apm.pl\/pl\/produkty\/czujniki-meteo\/ws100\/","title":{"rendered":"WS100"},"content":{"rendered":"<section  class='av_textblock_section av-l0paopf3-4bc6eaa3994e707b7189b8b204c6bb22' ><div class='avia_textblock' ><h1><strong>WS100<\/strong><\/h1>\n<h3><strong>Radarowy czujnik opad\u00f3w <\/strong><\/h3>\n<\/div><\/section>\n<div  class='hr av-av_hr-91d7ccd583a503147498e120fee2ff9b hr-default  avia-builder-el-1  el_after_av_textblock  el_before_av_textblock '><span class='hr-inner '><span class=\"hr-inner-style\"><\/span><\/span><\/div>\n<section  class='av_textblock_section av-411vr4-8a0b9a7e94e65bbdd74a8101fa7e28a8' ><div class='avia_textblock' ><p>Radarowy czujnik opad\u00f3w WS100 s\u0142u\u017cy do pomiaru intensywno\u015bci opadu wszelkich form skondensowanej wody. Dotyczy to deszczu, deszczu zamarzaj\u0105cego, gradu, \u015bniegu oraz deszczu ze \u015bniegiem.<\/p>\n<p>Czujnik o niskim poborze pr\u0105du wykrywa opad ju\u017c od pierwszej kropli. Jego zastosowania s\u0105 niemal nieograniczone.<\/p>\n<h3>24-godzinna praca ca\u0142kowicie bezobs\u0142ugowa i o niskim poborze energii<\/h3>\n<ul>\n<li>Bezobs\u0142ugowa praca dzi\u0119ki pomys\u0142owej technologii nie wymagaj\u0105cej cz\u0119\u015bci ruchomych<\/li>\n<li>Energooszcz\u0119dny czujnik dzi\u0119ki usprawnionemu trybowi ECO (0,4 VA)<\/li>\n<li>Zwi\u0119kszona skuteczno\u015b\u0107 grzewcza umo\u017cliwia prac\u0119 zar\u00f3wno latem, jak i zim\u0105<\/li>\n<li>Usprawniona moc grzewcza przy ni\u017cszym poborze mocy: Ogrzewanie czujnika bezpo\u015brednio zintegrowane ze \u015bcian\u0105 kopu\u0142y, pob\u00f3r mocy przy 9 VA ogrzewania.<\/li>\n<li>Bardzo d\u0142uga \u017cywotno\u015b\u0107 i wysoka niezawodno\u015b\u0107 operacyjna dzi\u0119ki zastosowaniu komponent\u00f3w wysokiej jako\u015bci<\/li>\n<\/ul>\n<h3>Dok\u0142adny pomiar opad\u00f3w od pierwszej kropli\u2026 Liczy si\u0119 ka\u017cda sekunda!<\/h3>\n<ul>\n<li>Bardzo szybki pomiar od pierwszej kropli deszczu<\/li>\n<li>Wykrywanie i rozr\u00f3\u017cnianie rodzaju opad\u00f3w (deszczu, deszczu zamarzaj\u0105cego, gradu, \u015bniegu oraz deszczu ze \u015bniegiem)<\/li>\n<li>Wykrywanie rozmiaru kropli (0,3 do 5 mm)<\/li>\n<li>Rozr\u00f3\u017cnienie mi\u0119dzy 11 klasyfikacjami rozmiar\u00f3w kropel<\/li>\n<li>Czujnik wykrywa nat\u0119\u017cenie deszczu o wi\u0119kszej rozdzielczo\u015bci, zaczynaj\u0105c od 0,01 mm<\/li>\n<li>Usprawniona dok\u0142adno\u015b\u0107 pomiaru dzi\u0119ki opatentowanemu modu\u0142owi radarowemu<\/li>\n<\/ul>\n<h3>Precyzyjny czujnik w wykonany technologii radarowej spe\u0142nia wszystkie potrzeby przemys\u0142owe<\/h3>\n<ul>\n<li>Czujnik opadu z technologi\u0105 radarow\u0105: 24 GHz radar dopplerowski<\/li>\n<li>Wykorzystanie soczewek do skupiania wi\u0105zki pomiarowej, zastosowanie w przemy\u015ble: hydrologia, rolnictwo, automatyka budowlana, metrologia, zimowe utrzymanie, sterowanie ruchem lotniczym i drogowym<\/li>\n<li>Bezobs\u0142ugowa konstrukcja sprawia, \u017ce urz\u0105dzenie jest szczeg\u00f3lnie odpowiednie w miejscach lub obszarach trudno dost\u0119pnych<\/li>\n<li>Nie wymaga konserwacji ani kalibracji, nie ma \u017cadnych ukrytych koszt\u00f3w<\/li>\n<\/ul>\n<h3>Mo\u017cliwo\u015b\u0107 pracy ze wszystkimi rejestratorami danych i systemami akwizycji danych<\/h3>\n<ul>\n<li>Wiele interfejs\u00f3w oraz interfejsy pracuj\u0105ce r\u00f3wnocze\u015bnie dla danych wyj\u015bciowych i komunikacji<\/li>\n<li>SDI-12 oraz RS-485 Modbus do pewnej transmisji danych<\/li>\n<\/ul>\n<span class=\"\" style=\"display:block;clear:both;height: 0px;padding-top: 20px;border-top-width:0px;border-bottom-width:0px;\"><\/span>\n<\/div><\/section>\n\n<style type=\"text\/css\" data-created_by=\"avia_inline_auto\" id=\"style-css-av-2dathc-df29b042e976e3e6fcdbb692993147ff\">\n#top .avia-gallery.av-2dathc-df29b042e976e3e6fcdbb692993147ff .avia-gallery-thumb a{\nwidth:25%;\n}\n<\/style>\n<div  class='avia-gallery av-2dathc-df29b042e976e3e6fcdbb692993147ff avia_animate_when_visible  avia-builder-el-3  el_after_av_textblock  avia-builder-el-last  avia_lazyload avia-gallery-animate avia-gallery-1' ><meta itemprop=\"contentURL\" content=\"https:\/\/apm.pl\/pl\/produkty\/czujniki-meteo\/ws100\/\"><div class='avia-gallery-thumb'><a href=\"https:\/\/apm.pl\/wp-content\/uploads\/2017\/10\/ws-100-1.jpg\" data-srcset=\"https:\/\/apm.pl\/wp-content\/uploads\/2017\/10\/ws-100-1.jpg 670w, https:\/\/apm.pl\/wp-content\/uploads\/2017\/10\/ws-100-1-300x195.jpg 300w, https:\/\/apm.pl\/wp-content\/uploads\/2017\/10\/ws-100-1-450x293.jpg 450w\" data-sizes=\"(max-width: 670px) 100vw, 670px\" data-rel='gallery-1' data-prev-img='https:\/\/apm.pl\/wp-content\/uploads\/2017\/10\/ws-100-1.jpg' class='first_thumb lightbox ' data-onclick='1' title='WS100'  ><img class=\"wp-image-2130 avia-img-lazy-loading-not-2130\"   src=\"https:\/\/apm.pl\/wp-content\/uploads\/2017\/10\/ws-100-1-260x185.jpg\" width=\"260\" height=\"185\"  title='WS100' alt='' \/><div class='big-prev-fake'><img loading=\"lazy\" class=\"wp-image-2130 avia-img-lazy-loading-2130\"  width=\"670\" height=\"436\" src=\"https:\/\/apm.pl\/wp-content\/uploads\/2017\/10\/ws-100-1.jpg\" title='WS100' alt='' srcset=\"https:\/\/apm.pl\/wp-content\/uploads\/2017\/10\/ws-100-1.jpg 670w, https:\/\/apm.pl\/wp-content\/uploads\/2017\/10\/ws-100-1-300x195.jpg 300w, https:\/\/apm.pl\/wp-content\/uploads\/2017\/10\/ws-100-1-450x293.jpg 450w\" sizes=\"(max-width: 670px) 100vw, 670px\" \/><\/div><\/a><a href=\"https:\/\/apm.pl\/wp-content\/uploads\/2017\/10\/ws-100-2.jpg\" data-srcset=\"https:\/\/apm.pl\/wp-content\/uploads\/2017\/10\/ws-100-2.jpg 670w, https:\/\/apm.pl\/wp-content\/uploads\/2017\/10\/ws-100-2-300x195.jpg 300w, https:\/\/apm.pl\/wp-content\/uploads\/2017\/10\/ws-100-2-450x293.jpg 450w\" data-sizes=\"(max-width: 670px) 100vw, 670px\" data-rel='gallery-1' data-prev-img='https:\/\/apm.pl\/wp-content\/uploads\/2017\/10\/ws-100-2.jpg' class='lightbox ' data-onclick='2' title='WS100'  ><img class=\"wp-image-2131 avia-img-lazy-loading-not-2131\"   src=\"https:\/\/apm.pl\/wp-content\/uploads\/2017\/10\/ws-100-2-260x185.jpg\" width=\"260\" height=\"185\"  title='WS100' alt='' \/><div class='big-prev-fake'><img loading=\"lazy\" class=\"wp-image-2131 avia-img-lazy-loading-2131\"  width=\"670\" height=\"436\" src=\"https:\/\/apm.pl\/wp-content\/uploads\/2017\/10\/ws-100-2.jpg\" title='WS100' alt='' srcset=\"https:\/\/apm.pl\/wp-content\/uploads\/2017\/10\/ws-100-2.jpg 670w, https:\/\/apm.pl\/wp-content\/uploads\/2017\/10\/ws-100-2-300x195.jpg 300w, https:\/\/apm.pl\/wp-content\/uploads\/2017\/10\/ws-100-2-450x293.jpg 450w\" sizes=\"(max-width: 670px) 100vw, 670px\" \/><\/div><\/a><a href=\"https:\/\/apm.pl\/wp-content\/uploads\/2017\/10\/ws-100-3.jpg\" data-srcset=\"https:\/\/apm.pl\/wp-content\/uploads\/2017\/10\/ws-100-3.jpg 670w, https:\/\/apm.pl\/wp-content\/uploads\/2017\/10\/ws-100-3-300x195.jpg 300w, https:\/\/apm.pl\/wp-content\/uploads\/2017\/10\/ws-100-3-450x293.jpg 450w\" data-sizes=\"(max-width: 670px) 100vw, 670px\" data-rel='gallery-1' data-prev-img='https:\/\/apm.pl\/wp-content\/uploads\/2017\/10\/ws-100-3.jpg' class='lightbox ' data-onclick='3' title='WS100'  ><img class=\"wp-image-2132 avia-img-lazy-loading-not-2132\"   src=\"https:\/\/apm.pl\/wp-content\/uploads\/2017\/10\/ws-100-3-260x185.jpg\" width=\"260\" height=\"185\"  title='WS100' alt='' \/><div class='big-prev-fake'><img loading=\"lazy\" class=\"wp-image-2132 avia-img-lazy-loading-2132\"  width=\"670\" height=\"436\" src=\"https:\/\/apm.pl\/wp-content\/uploads\/2017\/10\/ws-100-3.jpg\" title='WS100' alt='' srcset=\"https:\/\/apm.pl\/wp-content\/uploads\/2017\/10\/ws-100-3.jpg 670w, https:\/\/apm.pl\/wp-content\/uploads\/2017\/10\/ws-100-3-300x195.jpg 300w, https:\/\/apm.pl\/wp-content\/uploads\/2017\/10\/ws-100-3-450x293.jpg 450w\" sizes=\"(max-width: 670px) 100vw, 670px\" \/><\/div><\/a><a href=\"https:\/\/apm.pl\/wp-content\/uploads\/2017\/10\/ws-100-4.jpg\" data-srcset=\"https:\/\/apm.pl\/wp-content\/uploads\/2017\/10\/ws-100-4.jpg 670w, https:\/\/apm.pl\/wp-content\/uploads\/2017\/10\/ws-100-4-300x195.jpg 300w, https:\/\/apm.pl\/wp-content\/uploads\/2017\/10\/ws-100-4-450x293.jpg 450w\" data-sizes=\"(max-width: 670px) 100vw, 670px\" data-rel='gallery-1' data-prev-img='https:\/\/apm.pl\/wp-content\/uploads\/2017\/10\/ws-100-4.jpg' class='lightbox ' data-onclick='4' title='WS100'  ><img class=\"wp-image-2133 avia-img-lazy-loading-not-2133\"   src=\"https:\/\/apm.pl\/wp-content\/uploads\/2017\/10\/ws-100-4-260x185.jpg\" width=\"260\" height=\"185\"  title='WS100' alt='' \/><div class='big-prev-fake'><img loading=\"lazy\" class=\"wp-image-2133 avia-img-lazy-loading-2133\"  width=\"670\" height=\"436\" src=\"https:\/\/apm.pl\/wp-content\/uploads\/2017\/10\/ws-100-4.jpg\" title='WS100' alt='' srcset=\"https:\/\/apm.pl\/wp-content\/uploads\/2017\/10\/ws-100-4.jpg 670w, https:\/\/apm.pl\/wp-content\/uploads\/2017\/10\/ws-100-4-300x195.jpg 300w, https:\/\/apm.pl\/wp-content\/uploads\/2017\/10\/ws-100-4-450x293.jpg 450w\" sizes=\"(max-width: 670px) 100vw, 670px\" \/><\/div><\/a><\/div><\/div>\n","protected":false},"excerpt":{"rendered":"","protected":false},"author":1,"featured_media":2129,"parent":86,"menu_order":6,"comment_status":"closed","ping_status":"closed","template":"","meta":{"inline_featured_image":false},"_links":{"self":[{"href":"https:\/\/apm.pl\/pl\/wp-json\/wp\/v2\/pages\/2128"}],"collection":[{"href":"https:\/\/apm.pl\/pl\/wp-json\/wp\/v2\/pages"}],"about":[{"href":"https:\/\/apm.pl\/pl\/wp-json\/wp\/v2\/types\/page"}],"author":[{"embeddable":true,"href":"https:\/\/apm.pl\/pl\/wp-json\/wp\/v2\/users\/1"}],"replies":[{"embeddable":true,"href":"https:\/\/apm.pl\/pl\/wp-json\/wp\/v2\/comments?post=2128"}],"version-history":[{"count":3,"href":"https:\/\/apm.pl\/pl\/wp-json\/wp\/v2\/pages\/2128\/revisions"}],"predecessor-version":[{"id":2135,"href":"https:\/\/apm.pl\/pl\/wp-json\/wp\/v2\/pages\/2128\/revisions\/2135"}],"up":[{"embeddable":true,"href":"https:\/\/apm.pl\/pl\/wp-json\/wp\/v2\/pages\/86"}],"wp:featuredmedia":[{"embeddable":true,"href":"https:\/\/apm.pl\/pl\/wp-json\/wp\/v2\/media\/2129"}],"wp:attachment":[{"href":"https:\/\/apm.pl\/pl\/wp-json\/wp\/v2\/media?parent=2128"}],"curies":[{"name":"wp","href":"https:\/\/api.w.org\/{rel}","templated":true}]}}