{"id":1815,"date":"2016-11-21T17:01:21","date_gmt":"2016-11-21T16:01:21","guid":{"rendered":"http:\/\/www2022.apm.pl\/?page_id=1815"},"modified":"2022-03-18T10:23:47","modified_gmt":"2022-03-18T09:23:47","slug":"vs2k-umb","status":"publish","type":"page","link":"https:\/\/apm.pl\/pl\/produkty\/czujniki-meteo\/vs2k-umb\/","title":{"rendered":"VS2k-UMB"},"content":{"rendered":"<section  class='av_textblock_section av-l0paysl5-044b71814aa2350ca417b0bf0abaa47b' ><div class='avia_textblock' ><h1><strong>VS2k-UM<\/strong><\/h1>\n<h2><strong>Czujnik widoczno\u015bci<\/strong><\/h2>\n<\/div><\/section>\n<div  class='hr av-av_hr-91d7ccd583a503147498e120fee2ff9b hr-default  avia-builder-el-1  el_after_av_textblock  el_before_av_textblock '><span class='hr-inner '><span class=\"hr-inner-style\"><\/span><\/span><\/div>\n<section  class='av_textblock_section av-fyvuf-8f80c17d00d5539e0490eae7f50bb5f8' ><div class='avia_textblock' ><p>Czujnik optyczny mierz\u0105cy aktualne warto\u015bci widoczno\u015bci w zakresie do 2000 metr\u00f3w. Doskona\u0142y do zastosowa\u0144 drogowych.<\/p>\n<p><strong>VS2k-UMB<\/strong> wyposa\u017cono w dodatkowe sensory wykrywaj\u0105ce zanieczyszczenia optyki oraz silnik, kt\u00f3ry wibruje w obudowie w nieregularnych odst\u0119pach czasu, co zapobiega zagnie\u017cd\u017ceniu si\u0119 paj\u0105k\u00f3w. Nowa konstrukcja urz\u0105dzenia znacz\u0105co wp\u0142ywa na zmniejszenie koszt\u00f3w zwi\u0105zanych z konserwacj\u0105 i utrzymaniem czujnika.<\/p>\n<p><strong>Cechy szczeg\u00f3lne VS2k-UMB:<\/strong><\/p>\n<ul>\n<li>zakres pomiaru wynosi 10&#8230;2000 m,<\/li>\n<li>zestaw do kalibracji (opcjonalny),<\/li>\n<li>technologia rozproszenia \u015bwiat\u0142a przedniego,<\/li>\n<li>wodoszczelna obudowa,<\/li>\n<li>aktywna ochrona przed paj\u0105kami.<\/li>\n<\/ul>\n<\/div><\/section>\n\n<style type=\"text\/css\" data-created_by=\"avia_inline_auto\" id=\"style-css-av-2lc5wn-db9ec671d7c54b095a64a3753ec8069e\">\n#top .avia-gallery.av-2lc5wn-db9ec671d7c54b095a64a3753ec8069e .avia-gallery-thumb a{\nwidth:20%;\n}\n<\/style>\n<div  class='avia-gallery av-2lc5wn-db9ec671d7c54b095a64a3753ec8069e avia_animate_when_visible  avia-builder-el-3  el_after_av_textblock  avia-builder-el-last  avia_lazyload avia-gallery-animate avia-gallery-1' ><meta itemprop=\"contentURL\" content=\"https:\/\/apm.pl\/pl\/produkty\/czujniki-meteo\/vs2k-umb\/\"><div class='avia-gallery-thumb'><a href=\"https:\/\/apm.pl\/wp-content\/uploads\/2016\/11\/Lufft_VS2k_Bild_0-1030x1030.jpg\" data-srcset=\"https:\/\/apm.pl\/wp-content\/uploads\/2016\/11\/Lufft_VS2k_Bild_0-1030x1030.jpg 1030w, https:\/\/apm.pl\/wp-content\/uploads\/2016\/11\/Lufft_VS2k_Bild_0-80x80.jpg 80w, https:\/\/apm.pl\/wp-content\/uploads\/2016\/11\/Lufft_VS2k_Bild_0-300x300.jpg 300w, https:\/\/apm.pl\/wp-content\/uploads\/2016\/11\/Lufft_VS2k_Bild_0-768x768.jpg 768w, https:\/\/apm.pl\/wp-content\/uploads\/2016\/11\/Lufft_VS2k_Bild_0-36x36.jpg 36w, https:\/\/apm.pl\/wp-content\/uploads\/2016\/11\/Lufft_VS2k_Bild_0-180x180.jpg 180w, https:\/\/apm.pl\/wp-content\/uploads\/2016\/11\/Lufft_VS2k_Bild_0-705x705.jpg 705w, https:\/\/apm.pl\/wp-content\/uploads\/2016\/11\/Lufft_VS2k_Bild_0-120x120.jpg 120w, https:\/\/apm.pl\/wp-content\/uploads\/2016\/11\/Lufft_VS2k_Bild_0-450x450.jpg 450w, https:\/\/apm.pl\/wp-content\/uploads\/2016\/11\/Lufft_VS2k_Bild_0.jpg 1476w\" data-sizes=\"(max-width: 1030px) 100vw, 1030px\" data-rel='gallery-1' data-prev-img='https:\/\/apm.pl\/wp-content\/uploads\/2016\/11\/Lufft_VS2k_Bild_0-845x684.jpg' class='first_thumb lightbox ' data-onclick='1' title='VS2k-UMB'  ><img class=\"wp-image-1812 avia-img-lazy-loading-not-1812\"   src=\"https:\/\/apm.pl\/wp-content\/uploads\/2016\/11\/Lufft_VS2k_Bild_0-260x185.jpg\" width=\"260\" height=\"185\"  title='VS2k-UMB' alt='' \/><div class='big-prev-fake'><img loading=\"lazy\" class=\"wp-image-1812 avia-img-lazy-loading-1812\"  width=\"845\" height=\"684\" src=\"https:\/\/apm.pl\/wp-content\/uploads\/2016\/11\/Lufft_VS2k_Bild_0-845x684.jpg\" title='VS2k-UMB' alt='' srcset=\"https:\/\/apm.pl\/wp-content\/uploads\/2016\/11\/Lufft_VS2k_Bild_0-845x684.jpg 845w, https:\/\/apm.pl\/wp-content\/uploads\/2016\/11\/Lufft_VS2k_Bild_0-495x400.jpg 495w\" sizes=\"(max-width: 845px) 100vw, 845px\" \/><\/div><\/a><a href=\"https:\/\/apm.pl\/wp-content\/uploads\/2016\/11\/Lufft_VS2k_Bild_2-1030x948.jpg\" data-srcset=\"https:\/\/apm.pl\/wp-content\/uploads\/2016\/11\/Lufft_VS2k_Bild_2-1030x948.jpg 1030w, https:\/\/apm.pl\/wp-content\/uploads\/2016\/11\/Lufft_VS2k_Bild_2-300x276.jpg 300w, https:\/\/apm.pl\/wp-content\/uploads\/2016\/11\/Lufft_VS2k_Bild_2-768x707.jpg 768w, https:\/\/apm.pl\/wp-content\/uploads\/2016\/11\/Lufft_VS2k_Bild_2-1500x1380.jpg 1500w, https:\/\/apm.pl\/wp-content\/uploads\/2016\/11\/Lufft_VS2k_Bild_2-705x649.jpg 705w, https:\/\/apm.pl\/wp-content\/uploads\/2016\/11\/Lufft_VS2k_Bild_2-450x414.jpg 450w\" data-sizes=\"(max-width: 1030px) 100vw, 1030px\" data-rel='gallery-1' data-prev-img='https:\/\/apm.pl\/wp-content\/uploads\/2016\/11\/Lufft_VS2k_Bild_2-845x684.jpg' class='lightbox ' data-onclick='2' title='VS2k-UMB'  ><img class=\"wp-image-1817 avia-img-lazy-loading-not-1817\"   src=\"https:\/\/apm.pl\/wp-content\/uploads\/2016\/11\/Lufft_VS2k_Bild_2-260x185.jpg\" width=\"260\" height=\"185\"  title='VS2k-UMB' alt='' \/><div class='big-prev-fake'><img loading=\"lazy\" class=\"wp-image-1817 avia-img-lazy-loading-1817\"  width=\"845\" height=\"684\" src=\"https:\/\/apm.pl\/wp-content\/uploads\/2016\/11\/Lufft_VS2k_Bild_2-845x684.jpg\" title='VS2k-UMB' alt='' srcset=\"https:\/\/apm.pl\/wp-content\/uploads\/2016\/11\/Lufft_VS2k_Bild_2-845x684.jpg 845w, https:\/\/apm.pl\/wp-content\/uploads\/2016\/11\/Lufft_VS2k_Bild_2-495x400.jpg 495w\" sizes=\"(max-width: 845px) 100vw, 845px\" \/><\/div><\/a><a href=\"https:\/\/apm.pl\/wp-content\/uploads\/2016\/11\/Lufft_VS2k_Bild_3-1030x593.jpg\" data-srcset=\"https:\/\/apm.pl\/wp-content\/uploads\/2016\/11\/Lufft_VS2k_Bild_3-1030x593.jpg 1030w, https:\/\/apm.pl\/wp-content\/uploads\/2016\/11\/Lufft_VS2k_Bild_3-300x173.jpg 300w, https:\/\/apm.pl\/wp-content\/uploads\/2016\/11\/Lufft_VS2k_Bild_3-768x442.jpg 768w, https:\/\/apm.pl\/wp-content\/uploads\/2016\/11\/Lufft_VS2k_Bild_3-1500x864.jpg 1500w, https:\/\/apm.pl\/wp-content\/uploads\/2016\/11\/Lufft_VS2k_Bild_3-705x406.jpg 705w, https:\/\/apm.pl\/wp-content\/uploads\/2016\/11\/Lufft_VS2k_Bild_3-450x259.jpg 450w\" data-sizes=\"(max-width: 1030px) 100vw, 1030px\" data-rel='gallery-1' data-prev-img='https:\/\/apm.pl\/wp-content\/uploads\/2016\/11\/Lufft_VS2k_Bild_3-845x684.jpg' class='lightbox ' data-onclick='3' title='VS2k-UMB'  ><img class=\"wp-image-1818 avia-img-lazy-loading-not-1818\"   src=\"https:\/\/apm.pl\/wp-content\/uploads\/2016\/11\/Lufft_VS2k_Bild_3-260x185.jpg\" width=\"260\" height=\"185\"  title='VS2k-UMB' alt='' \/><div class='big-prev-fake'><img loading=\"lazy\" class=\"wp-image-1818 avia-img-lazy-loading-1818\"  width=\"845\" height=\"684\" src=\"https:\/\/apm.pl\/wp-content\/uploads\/2016\/11\/Lufft_VS2k_Bild_3-845x684.jpg\" title='VS2k-UMB' alt='' srcset=\"https:\/\/apm.pl\/wp-content\/uploads\/2016\/11\/Lufft_VS2k_Bild_3-845x684.jpg 845w, https:\/\/apm.pl\/wp-content\/uploads\/2016\/11\/Lufft_VS2k_Bild_3-495x400.jpg 495w\" sizes=\"(max-width: 845px) 100vw, 845px\" \/><\/div><\/a><a href=\"https:\/\/apm.pl\/wp-content\/uploads\/2016\/11\/Lufft_VS2k_Bild_4-1030x687.jpg\" data-srcset=\"https:\/\/apm.pl\/wp-content\/uploads\/2016\/11\/Lufft_VS2k_Bild_4-1030x687.jpg 1030w, https:\/\/apm.pl\/wp-content\/uploads\/2016\/11\/Lufft_VS2k_Bild_4-300x200.jpg 300w, https:\/\/apm.pl\/wp-content\/uploads\/2016\/11\/Lufft_VS2k_Bild_4-768x512.jpg 768w, https:\/\/apm.pl\/wp-content\/uploads\/2016\/11\/Lufft_VS2k_Bild_4-705x470.jpg 705w, https:\/\/apm.pl\/wp-content\/uploads\/2016\/11\/Lufft_VS2k_Bild_4-450x300.jpg 450w, https:\/\/apm.pl\/wp-content\/uploads\/2016\/11\/Lufft_VS2k_Bild_4.jpg 1200w\" data-sizes=\"(max-width: 1030px) 100vw, 1030px\" data-rel='gallery-1' data-prev-img='https:\/\/apm.pl\/wp-content\/uploads\/2016\/11\/Lufft_VS2k_Bild_4-845x684.jpg' class='lightbox ' data-onclick='4' title='VS2k-UMB'  ><img class=\"wp-image-1813 avia-img-lazy-loading-not-1813\"   src=\"https:\/\/apm.pl\/wp-content\/uploads\/2016\/11\/Lufft_VS2k_Bild_4-260x185.jpg\" width=\"260\" height=\"185\"  title='VS2k-UMB' alt='' \/><div class='big-prev-fake'><img loading=\"lazy\" class=\"wp-image-1813 avia-img-lazy-loading-1813\"  width=\"845\" height=\"684\" src=\"https:\/\/apm.pl\/wp-content\/uploads\/2016\/11\/Lufft_VS2k_Bild_4-845x684.jpg\" title='VS2k-UMB' alt='' srcset=\"https:\/\/apm.pl\/wp-content\/uploads\/2016\/11\/Lufft_VS2k_Bild_4-845x684.jpg 845w, https:\/\/apm.pl\/wp-content\/uploads\/2016\/11\/Lufft_VS2k_Bild_4-495x400.jpg 495w\" sizes=\"(max-width: 845px) 100vw, 845px\" \/><\/div><\/a><a href=\"https:\/\/apm.pl\/wp-content\/uploads\/2016\/11\/Lufft_VS2k_Bild_5-1030x687.jpg\" data-srcset=\"https:\/\/apm.pl\/wp-content\/uploads\/2016\/11\/Lufft_VS2k_Bild_5-1030x687.jpg 1030w, https:\/\/apm.pl\/wp-content\/uploads\/2016\/11\/Lufft_VS2k_Bild_5-300x200.jpg 300w, https:\/\/apm.pl\/wp-content\/uploads\/2016\/11\/Lufft_VS2k_Bild_5-768x512.jpg 768w, https:\/\/apm.pl\/wp-content\/uploads\/2016\/11\/Lufft_VS2k_Bild_5-705x470.jpg 705w, https:\/\/apm.pl\/wp-content\/uploads\/2016\/11\/Lufft_VS2k_Bild_5-450x300.jpg 450w, https:\/\/apm.pl\/wp-content\/uploads\/2016\/11\/Lufft_VS2k_Bild_5.jpg 1200w\" data-sizes=\"(max-width: 1030px) 100vw, 1030px\" data-rel='gallery-1' data-prev-img='https:\/\/apm.pl\/wp-content\/uploads\/2016\/11\/Lufft_VS2k_Bild_5-845x684.jpg' class='lightbox ' data-onclick='5' title='VS2k-UMB \/ VS20k-UMB'  ><img class=\"wp-image-1814 avia-img-lazy-loading-not-1814\"   src=\"https:\/\/apm.pl\/wp-content\/uploads\/2016\/11\/Lufft_VS2k_Bild_5-260x185.jpg\" width=\"260\" height=\"185\"  title='VS2k-UMB \/ VS20k-UMB' alt='' \/><div class='big-prev-fake'><img loading=\"lazy\" class=\"wp-image-1814 avia-img-lazy-loading-1814\"  width=\"845\" height=\"684\" src=\"https:\/\/apm.pl\/wp-content\/uploads\/2016\/11\/Lufft_VS2k_Bild_5-845x684.jpg\" title='VS2k-UMB \/ VS20k-UMB' alt='' srcset=\"https:\/\/apm.pl\/wp-content\/uploads\/2016\/11\/Lufft_VS2k_Bild_5-845x684.jpg 845w, https:\/\/apm.pl\/wp-content\/uploads\/2016\/11\/Lufft_VS2k_Bild_5-495x400.jpg 495w\" sizes=\"(max-width: 845px) 100vw, 845px\" \/><\/div><\/a><\/div><\/div>\n","protected":false},"excerpt":{"rendered":"","protected":false},"author":1,"featured_media":1812,"parent":86,"menu_order":12,"comment_status":"closed","ping_status":"closed","template":"","meta":{"inline_featured_image":false},"_links":{"self":[{"href":"https:\/\/apm.pl\/pl\/wp-json\/wp\/v2\/pages\/1815"}],"collection":[{"href":"https:\/\/apm.pl\/pl\/wp-json\/wp\/v2\/pages"}],"about":[{"href":"https:\/\/apm.pl\/pl\/wp-json\/wp\/v2\/types\/page"}],"author":[{"embeddable":true,"href":"https:\/\/apm.pl\/pl\/wp-json\/wp\/v2\/users\/1"}],"replies":[{"embeddable":true,"href":"https:\/\/apm.pl\/pl\/wp-json\/wp\/v2\/comments?post=1815"}],"version-history":[{"count":5,"href":"https:\/\/apm.pl\/pl\/wp-json\/wp\/v2\/pages\/1815\/revisions"}],"predecessor-version":[{"id":4269,"href":"https:\/\/apm.pl\/pl\/wp-json\/wp\/v2\/pages\/1815\/revisions\/4269"}],"up":[{"embeddable":true,"href":"https:\/\/apm.pl\/pl\/wp-json\/wp\/v2\/pages\/86"}],"wp:featuredmedia":[{"embeddable":true,"href":"https:\/\/apm.pl\/pl\/wp-json\/wp\/v2\/media\/1812"}],"wp:attachment":[{"href":"https:\/\/apm.pl\/pl\/wp-json\/wp\/v2\/media?parent=1815"}],"curies":[{"name":"wp","href":"https:\/\/api.w.org\/{rel}","templated":true}]}}