{"id":14,"date":"2015-06-25T10:20:20","date_gmt":"2015-06-25T08:20:20","guid":{"rendered":"http:\/\/2015.apm.pl\/?page_id=14"},"modified":"2024-12-03T10:21:56","modified_gmt":"2024-12-03T09:21:56","slug":"kontakt","status":"publish","type":"page","link":"https:\/\/apm.pl\/pl\/firma\/kontakt\/","title":{"rendered":"Kontakt"},"content":{"rendered":"<div id='av_section_1'  class='avia-section av-14ncy-38d65bf13ef1f663915db32baaacba6b main_color avia-section-default avia-no-border-styling  avia-builder-el-0  el_before_av_google_map  avia-builder-el-first  avia-bg-style-scroll container_wrap sidebar_right'  ><div class='container av-section-cont-open' ><main  class='template-page content  av-content-small alpha units'><div class='post-entry post-entry-type-page post-entry-14'><div class='entry-content-wrapper clearfix'>\n<section  class='av_textblock_section av-pnjm-8d44cde9828588bc84370e38e12b57d9' ><div class='avia_textblock' ><h1>Kontakt<\/h1>\n<\/div><\/section>\n<div  class='hr av-w3sq-3d8bfc03a3a66e2d2a4330efff607e43 hr-default  avia-builder-el-2  el_after_av_textblock  el_before_av_one_third '><span class='hr-inner '><span class=\"hr-inner-style\"><\/span><\/span><\/div>\n\n<style type=\"text\/css\" data-created_by=\"avia_inline_auto\" id=\"style-css-av-7gyf2-8c1adb9ecc201683b7e907032614235d\">\n.flex_column.av-7gyf2-8c1adb9ecc201683b7e907032614235d{\nborder-radius:0px 0px 0px 0px;\n-webkit-border-radius:0px 0px 0px 0px;\n-moz-border-radius:0px 0px 0px 0px;\n}\n<\/style>\n<div class='flex_column av-7gyf2-8c1adb9ecc201683b7e907032614235d av_one_third  avia-builder-el-3  el_after_av_hr  el_before_av_two_third  first flex_column_div av-zero-column-padding '   ><p><section  class='av_textblock_section av-61uzm-b7b5534985d5ad5096285eb20a17fc62' ><div class='avia_textblock' ><p><strong>APM PRO sp. z o.o.<\/strong><br \/>\n<strong> ul. Chocho\u0142owska 28<\/strong><br \/>\n<strong> 43-346 Bielsko-Bia\u0142a<\/strong><\/p>\n<\/div><\/section><br \/>\n<section  class='av_textblock_section av-5q85u-240e2e6ad712cb7fc23de5921f2015c2' ><div class='avia_textblock' ><span class=\"\" style=\"display:block;clear:both;height: 0px;padding-top: 30px;border-top-width:0px;border-bottom-width:0px;\"><\/span>\n<p>tel. <a href=\"tel:+48338157738\">+48 33 815 77 38<\/a><br \/>\ntel. <a href=\"tel:+48338168221\">+48 33 816 82 21<\/a><br \/>\ntel. <a href=\"tel:+48797747959\">+48 797 747 959<\/a><\/p>\n<span class=\"\" style=\"display:block;clear:both;height: 0px;padding-top: 30px;border-top-width:0px;border-bottom-width:0px;\"><\/span>\n<\/div><\/section><br \/>\n<section  class='av_textblock_section av-4uroe-6f15e4c11424d84b768777f9cec0fa37' ><div class='avia_textblock' ><p><strong>Biuro: <\/strong><a href=\"mailto:apm@apm.pl\">apm@apm.pl<\/a><\/p>\n<p><strong>Dzia\u0142 Obs\u0142ugi Klienta: <\/strong><a href=\"mailto:kontakt@apm.pl\">kontakt@apm.pl<\/a><\/p>\n<p><strong>Serwis: <\/strong><a href=\"mailto:serwis@apm.pl\">serwis@apm.pl<\/a><strong><br \/>\ntelefon alarmowy\u00a0<a href=\"tel:+48726999929\">+48 726 999\u00a0929<\/a><\/strong><\/p>\n<\/div><\/section><\/p><\/div>\n<style type=\"text\/css\" data-created_by=\"avia_inline_auto\" id=\"style-css-av-4bhru-1f8b0ea39365c2cd870c5acf0a9f519f\">\n.flex_column.av-4bhru-1f8b0ea39365c2cd870c5acf0a9f519f{\nborder-radius:0px 0px 0px 0px;\n-webkit-border-radius:0px 0px 0px 0px;\n-moz-border-radius:0px 0px 0px 0px;\n}\n<\/style>\n<div class='flex_column av-4bhru-1f8b0ea39365c2cd870c5acf0a9f519f av_two_third  avia-builder-el-7  el_after_av_one_third  avia-builder-el-last  flex_column_div av-zero-column-padding '   ><section  class='av_textblock_section av-3urzy-d0e2fe46379f62f8313a6d678b900b74' ><div class='avia_textblock' ><h2><span class=\"\" style=\"display:block;clear:both;height: 0px;padding-top: 8px;border-top-width:0px;border-bottom-width:0px;\"><\/span>Wy\u015blij wiadomo\u015b\u0107<\/h2>\n<\/div><\/section><br \/>\n<form action=\"https:\/\/apm.pl\/pl\/firma\/kontakt\/\" method=\"post\"  class=\"avia_ajax_form av-form-labels-visible   avia-builder-el-9  el_after_av_textblock  avia-builder-el-last   \" data-avia-form-id=\"1\" data-avia-redirect='' ><fieldset><p class='  first_form  form_element form_fullwidth' id='element_avia_1_1'><label for=\"avia_1_1\">Imi\u0119 i Nazwisko \/ Nazwa firmy <abbr class=\"required\" title=\"required\">*<\/abbr><\/label> <input name=\"avia_1_1\" class=\"text_input is_empty\" type=\"text\" id=\"avia_1_1\" value=\"\" \/><\/p><p class='  first_form  form_element form_element_half' id='element_avia_2_1'><label for=\"avia_2_1\">E-Mail <abbr class=\"required\" title=\"required\">*<\/abbr><\/label> <input name=\"avia_2_1\" class=\"text_input is_email\" type=\"text\" id=\"avia_2_1\" value=\"\" \/><\/p><p class='  form_element form_element_half' id='element_avia_3_1'><label for=\"avia_3_1\">Telefon <abbr class=\"required\" title=\"required\">*<\/abbr><\/label> <input name=\"avia_3_1\" class=\"text_input is_number\" type=\"text\" id=\"avia_3_1\" value=\"\" \/><\/p><p class='  first_form  form_element form_fullwidth' id='element_avia_4_1'><label for=\"avia_4_1\" class=\"textare_label hidden textare_label_avia_4_1\">Wiadomo\u015b\u0107 <abbr class=\"required\" title=\"required\">*<\/abbr><\/label><textarea  name=\"avia_4_1\" class=\"text_area is_empty\" cols=\"40\" rows=\"7\" id=\"avia_4_1\" ><\/textarea><\/p><p class=\"hidden\"><input type=\"text\" name=\"avia_5_1\" class=\"hidden \" id=\"avia_5_1\" value=\"\" \/><\/p><div id='avia_6_1' class='av-recaptcha-area  first_form  form_element form_fullwidth av-last-visible-form-element '  data-container_class=\"\" data-custom_class=\"\" data-context=\"av_contact_form\" data-token_input=\"av_recaptcha_token\" data-version=\"avia_recaptcha_v3\" data-theme=\"light\" data-size=\"normal\" data-score=\"0.5\" data-text_to_preview=\"\" data-value=\"\"><div class=\"av-google-badge-message hidden\">This site is protected by reCAPTCHA and the Google <a href=\"https:\/\/policies.google.com\/privacy\">Privacy Policy<\/a> and <a href=\"https:\/\/policies.google.com\/terms\">Terms of Service<\/a> apply.<\/div><\/div><p class=' av_form_privacy_check av_contact_privacy_check first_form  form_element form_fullwidth' id='element_avia_7_1'><input  name=\"avia_7_1\" class=\"input_checkbox is_empty\" type=\"checkbox\" id=\"avia_7_1\" value=\"true\"\/><label class=\"input_checkbox_label\" for=\"avia_7_1\">Zgadzam si\u0119 z warunkami okre\u015blonymi w <a href='https:\/\/apm.pl\/pl\/firma\/polityka-prywatnosci\/' target='_blank'>polityce prywatno\u015bci.<\/a> <abbr class=\"required\" title=\"required\">*<\/abbr><\/label><\/p><p class=\"form_element \"><input type=\"hidden\" value=\"1\" name=\"avia_generated_form1\" \/><input type=\"submit\" value=\"Wy\u015blij\" class=\"button\"  data-sending-label=\"Trwa wysy\u0142anie...\"\/><\/p><\/fieldset><div class=\"avia-disabled-form\">This contact form is deactivated because you refused to accept Google reCaptcha service which is necessary to validate any messages sent by the form.<\/div><\/form><div id=\"ajaxresponse_1\" class=\"ajaxresponse ajaxresponse_1 hidden\"><\/div><\/p><\/div><div  class='av_gmaps_sc_main_wrap av_gmaps_main_wrap '><div id='av_gmap_0' class='avia-google-map-container avia-google-map-sc av_gmaps_show_unconditionally av-no-fallback-img ' data-mapid='av_gmap_0'  style='height: 500px;'><a class=\"av_gmaps_browser_disabled av_text_confirm_link av_text_confirm_link_visible\" href=\"https:\/\/www.google.com\/maps\/search\/?api=1&#038;query=Barska%2070%20%20Bielsko-Bia\u0142a%20%20Poland\" target=\"_blank\" rel=\"noopener\">Maps were disabled by the visitor on this site. Click to open the map in a new window.<\/a><\/div><\/div><\/p>\n","protected":false},"excerpt":{"rendered":"","protected":false},"author":1,"featured_media":0,"parent":2,"menu_order":10,"comment_status":"closed","ping_status":"closed","template":"","meta":{"inline_featured_image":false},"_links":{"self":[{"href":"https:\/\/apm.pl\/pl\/wp-json\/wp\/v2\/pages\/14"}],"collection":[{"href":"https:\/\/apm.pl\/pl\/wp-json\/wp\/v2\/pages"}],"about":[{"href":"https:\/\/apm.pl\/pl\/wp-json\/wp\/v2\/types\/page"}],"author":[{"embeddable":true,"href":"https:\/\/apm.pl\/pl\/wp-json\/wp\/v2\/users\/1"}],"replies":[{"embeddable":true,"href":"https:\/\/apm.pl\/pl\/wp-json\/wp\/v2\/comments?post=14"}],"version-history":[{"count":40,"href":"https:\/\/apm.pl\/pl\/wp-json\/wp\/v2\/pages\/14\/revisions"}],"predecessor-version":[{"id":6283,"href":"https:\/\/apm.pl\/pl\/wp-json\/wp\/v2\/pages\/14\/revisions\/6283"}],"up":[{"embeddable":true,"href":"https:\/\/apm.pl\/pl\/wp-json\/wp\/v2\/pages\/2"}],"wp:attachment":[{"href":"https:\/\/apm.pl\/pl\/wp-json\/wp\/v2\/media?parent=14"}],"curies":[{"name":"wp","href":"https:\/\/api.w.org\/{rel}","templated":true}]}}